{"id":34521,"date":"2026-01-13T17:46:09","date_gmt":"2026-01-13T16:46:09","guid":{"rendered":"https:\/\/www.houdart-ac.fr\/?page_id=34521"},"modified":"2026-01-19T16:39:23","modified_gmt":"2026-01-19T15:39:23","slug":"digital","status":"publish","type":"page","link":"https:\/\/www.houdart-ac.fr\/en\/digital\/","title":{"rendered":"Digital"},"content":{"rendered":"<div class=\"wpb-content-wrapper\"><p>[vc_row full_width=&#8221;stretch_row&#8221; css=&#8221;.vc_custom_1767920528807{margin-top: 0px !important;margin-right: 0px !important;margin-bottom: 0px !important;margin-left: 0px !important;padding-top: 40px !important;padding-bottom: 0px !important;background-color: #ffffff !important;background-position: center !important;background-repeat: no-repeat !important;background-size: cover !important;}&#8221; el_id=&#8221;particles-js&#8221; el_class=&#8221;myunisoft-intro&#8221;][vc_column css=&#8221;.vc_custom_1641852185899{margin-top: 0px !important;margin-right: 0px !important;margin-bottom: 0px !important;margin-left: 0px !important;padding-top: 0px !important;padding-right: 0px !important;padding-bottom: 0px !important;padding-left: 0px !important;}&#8221;][vc_column_text css=&#8221;&#8221;]<\/p>\n<h2>Innovation, Digital Transformation, and AI at the Core of Houdart A&amp;C<\/h2>\n<p>[\/vc_column_text][\/vc_column][\/vc_row][vc_row full_width=&#8221;stretch_row&#8221; content_placement=&#8221;top&#8221; css=&#8221;.vc_custom_1767920512210{margin-right: 0px !important;margin-left: 0px !important;background-color: #ffffff !important;background-position: center !important;background-repeat: no-repeat !important;background-size: cover !important;}&#8221; el_class=&#8221;myunisoft-intro&#8221;][vc_column offset=&#8221;vc_col-lg-6 vc_col-md-6 vc_col-xs-12&#8243; css=&#8221;.vc_custom_1767920580570{margin-top: 0px !important;margin-right: 0px !important;margin-bottom: 0px !important;margin-left: 0px !important;padding-top: 0px !important;padding-right: 0px !important;padding-bottom: 0px !important;padding-left: 0px !important;}&#8221;][vc_column_text css=&#8221;.vc_custom_1768829837365{margin-bottom: 0px !important;}&#8221;]Although technological investment has always been part of our firm\u2019s DNA, Houdart A&amp;C has undertaken a profound transformation of its tools and processes.<br \/>\nFar from viewing digital solutions as a substitute for the close relationships we maintain with our clients, technology is intended to allow us to devote more time to data analysis rather than to the production of key data.<\/p>\n<p>These technological choices have been carefully designed and implemented to support our clients in their own digital transformation, both in financial management and operational processes. They in no way call into question Houdart A&amp;C\u2019s long-standing strategy, whose priority remains the quality of client relationships.<\/p>\n<p>We deploy intelligent digital solutions that enable us to move toward real-time, collaborative, and data-enriched services. Combined with the expertise of our teams, these technologies allow us to meet our clients\u2019 expectations in terms of understanding and interpreting the financial and payroll data generated by their organizations.[\/vc_column_text][\/vc_column][vc_column offset=&#8221;vc_col-lg-6 vc_col-md-6&#8243; css=&#8221;.vc_custom_1767920605440{margin: 0px !important;padding: 0px !important;}&#8221;][vc_single_image image=&#8221;34520&#8243; img_size=&#8221;full&#8221; alignment=&#8221;center&#8221; css_animation=&#8221;none&#8221; css=&#8221;.vc_custom_1767921742400{margin-top: 0px !important;margin-bottom: 0px !important;padding-top: 0px !important;padding-bottom: 0px !important;}&#8221;][\/vc_column][\/vc_row][vc_row full_width=&#8221;stretch_row&#8221; css=&#8221;.vc_custom_1768247569754{margin-right: 0px !important;margin-bottom: 0px !important;margin-left: 0px !important;padding-top: 20px !important;padding-bottom: 40px !important;background-color: #ffffff !important;background-position: center !important;background-repeat: no-repeat !important;background-size: cover !important;}&#8221; el_class=&#8221;myunisoft-intro&#8221;][vc_column css=&#8221;.vc_custom_1641852185899{margin-top: 0px !important;margin-right: 0px !important;margin-bottom: 0px !important;margin-left: 0px !important;padding-top: 0px !important;padding-right: 0px !important;padding-bottom: 0px !important;padding-left: 0px !important;}&#8221;][vc_column_text css=&#8221;&#8221;]In keeping with the pioneering spirit of its shareholders since its founding, Houdart A&amp;C participated in April 2021 in the fourth funding round of the software publisher MyUnisoft, whose shareholding now includes several accounting firms and a major investment fund. Houdart A&amp;C was among the first firms to adopt MyUnisoft\u2019s innovative and intelligent digital solution and actively contributes to its ongoing development for all of its clients.<\/p>\n<p>In February 2023, Houdart A&amp;C invested in WeekEra, an innovative and natively collaborative payroll and HR management solution. Its shareholding also includes several accounting firms and an internationally recognized investment fund.<\/p>\n<p>Houdart A&amp;C maintains continuous technology monitoring and ensures full mastery of current technologies, both to equip itself with the most effective digital tools in a rapidly evolving environment and to support the digitalization of its clients\u2019 services, including automation of workflows, process optimization and reliability, electronic invoicing and certified platforms, artificial intelligence, and agent-based AI solutions.[\/vc_column_text][\/vc_column][\/vc_row][vc_row full_width=&#8221;stretch_row&#8221; css=&#8221;.vc_custom_1767117209008{padding-top: 40px !important;background-color: #f9f9f9 !important;}&#8221;][vc_column css=&#8221;.vc_custom_1767113677287{margin-top: 0px !important;margin-bottom: 0px !important;padding-top: 0px !important;padding-bottom: 0px !important;}&#8221;][vc_column_text css=&#8221;&#8221;]<\/p>\n<h2>Intelligent digital solutions and process optimization<\/h2>\n<p>[\/vc_column_text][vc_column_text css=&#8221;&#8221;]Our approach to process optimization and digitalization is tailored to the size of your organization, the complexity of your workflow architecture, internal control requirements, and target system architecture. Our engagement may take the form of a turnkey solution deployment for more agile organizations, or structured support for business and IT teams in managing software and organizational transformations within more complex environments.<br \/>\nOur teams combine strong business expertise, internal control and audit experience, and in-depth knowledge of leading market solutions to support you in defining target processes, selecting the appropriate technologies, building master data, and providing guidance throughout the deployment phase.[\/vc_column_text][\/vc_column][\/vc_row][vc_row full_width=&#8221;stretch_row&#8221; content_placement=&#8221;middle&#8221; css=&#8221;.vc_custom_1767303310049{padding-bottom: 40px !important;background-color: #f9f9f9 !important;border-color: #DD3333 !important;}&#8221;][vc_column css_animation=&#8221;fadeInLeft&#8221; width=&#8221;1\/2&#8243; el_class=&#8221;myunisoft-options light&#8221; css=&#8221;.vc_custom_1767304428787{margin-top: 0px !important;margin-bottom: 0px !important;padding-top: 0px !important;padding-bottom: 0px !important;background-color: #FFFFFF00 !important;}&#8221;][vc_single_image source=&#8221;external_link&#8221; alignment=&#8221;center&#8221; onclick=&#8221;custom_link&#8221; css=&#8221;.vc_custom_1768311957172{margin-top: 0px !important;margin-bottom: 0px !important;padding-top: 0px !important;padding-bottom: 0px !important;}&#8221; custom_src=&#8221;https:\/\/www.houdart-ac.fr\/wp-content\/uploads\/i1-2.png&#8221; link=&#8221;https:\/\/www.houdart-ac.fr\/digital\/myunisoft\/&#8221;][\/vc_column][vc_column css_animation=&#8221;fadeInRight&#8221; width=&#8221;1\/2&#8243; el_class=&#8221;myunisoft-options light&#8221; css=&#8221;.vc_custom_1767895395750{margin-top: 0px !important;margin-bottom: 0px !important;padding-top: 0px !important;padding-bottom: 0px !important;background-color: #FFFFFF00 !important;}&#8221;][vc_column_text css=&#8221;.vc_custom_1768830025241{margin-bottom: 0px !important;}&#8221;]<\/p>\n<p class=\"lead\"><span style=\"color: #00a8a8;\"><strong>MyUnisoft<\/strong><\/span>, AI-Powered Accounting and Tax Management Platform;<\/p>\n<ul>\n<li aria-level=\"1\">Intelligent, enabling efficient data capture, processing, and visualization of financial information,<\/li>\n<li aria-level=\"1\">Collaborative, it is designed to allow accounting and administrative teams to collaborate within the platform, with tailored access rights,<\/li>\n<li aria-level=\"1\">Connected to multiple digital tools such as e-commerce platforms, specialized software publishers, certified e-invoicing platforms, and approved service providers, etc.<\/li>\n<\/ul>\n<p><a class=\"btn btn-outline-primary\" href=\"https:\/\/www.houdart-ac.fr\/en\/digital\/myunisoft\/\">LEARN MORE<\/a>[\/vc_column_text][\/vc_column][\/vc_row][vc_row full_width=&#8221;stretch_row&#8221; content_placement=&#8221;middle&#8221; css=&#8221;.vc_custom_1767183977434{padding-top: 40px !important;padding-bottom: 40px !important;background-color: #f9f9f9 !important;}&#8221;][vc_column css_animation=&#8221;fadeInLeft&#8221; width=&#8221;1\/2&#8243; el_class=&#8221;myunisoft-options orange light&#8221; css=&#8221;.vc_custom_1767895391214{margin-top: 0px !important;margin-bottom: 0px !important;padding-top: 0px !important;padding-bottom: 0px !important;}&#8221;][vc_column_text css=&#8221;.vc_custom_1768837155034{margin-bottom: 0px !important;}&#8221;]<\/p>\n<p class=\"lead\"><span style=\"color: #ff5c20;\"><strong>WeekEra<\/strong><\/span>, Web-Based Payroll and Human Resources Solution;<\/p>\n<ul>\n<li aria-level=\"1\">Intelligent, real-time collection, processing, and visualization of payroll variables,<\/li>\n<li aria-level=\"1\">Collaborative designed to HR teams and executives to access relevant information, and supports parallel collaboration with our teams,<\/li>\n<li aria-level=\"1\">Connected to multiple HR, personnel administration, and accounting tools, etc.<\/li>\n<\/ul>\n<p><a class=\"btn btn-outline-primary\" href=\"https:\/\/www.houdart-ac.fr\/en\/digital\/weekera\/\">LEARN MORE<\/a>[\/vc_column_text][\/vc_column][vc_column css_animation=&#8221;fadeInRight&#8221; width=&#8221;1\/2&#8243; el_class=&#8221;myunisoft-options light&#8221; css=&#8221;.vc_custom_1767304654114{margin-top: 0px !important;margin-bottom: 0px !important;padding-top: 0px !important;padding-bottom: 0px !important;}&#8221;][vc_single_image source=&#8221;external_link&#8221; alignment=&#8221;center&#8221; onclick=&#8221;custom_link&#8221; css=&#8221;.vc_custom_1768837161334{margin-top: 0px !important;margin-bottom: 0px !important;padding-top: 0px !important;padding-bottom: 0px !important;}&#8221; custom_src=&#8221;https:\/\/www.houdart-ac.fr\/wp-content\/uploads\/i2-1.png&#8221; link=&#8221;https:\/\/www.houdart-ac.fr\/en\/digital\/weekera\/&#8221;][\/vc_column][\/vc_row][vc_row full_width=&#8221;stretch_row&#8221; content_placement=&#8221;middle&#8221; css=&#8221;.vc_custom_1767183967847{padding-top: 40px !important;padding-bottom: 40px !important;background-color: #f9f9f9 !important;}&#8221;][vc_column css_animation=&#8221;fadeInLeft&#8221; width=&#8221;1\/2&#8243; el_class=&#8221;myunisoft-options light&#8221; css=&#8221;.vc_custom_1767304660896{margin-top: 0px !important;margin-bottom: 0px !important;padding-top: 0px !important;padding-bottom: 0px !important;}&#8221;][vc_single_image source=&#8221;external_link&#8221; alignment=&#8221;center&#8221; onclick=&#8221;custom_link&#8221; css=&#8221;.vc_custom_1768837130911{margin-top: 0px !important;margin-bottom: 0px !important;padding-top: 0px !important;padding-bottom: 0px !important;}&#8221; custom_src=&#8221;https:\/\/www.houdart-ac.fr\/wp-content\/uploads\/i3-2.png&#8221; link=&#8221;https:\/\/www.houdart-ac.fr\/en\/digital\/electronic-invoicing-certified-platforms-and-workflows\/&#8221;][\/vc_column][vc_column css_animation=&#8221;fadeInRight&#8221; width=&#8221;1\/2&#8243; el_class=&#8221;myunisoft-options bleu light&#8221; css=&#8221;.vc_custom_1767895386906{margin-top: 0px !important;margin-bottom: 0px !important;padding-top: 0px !important;padding-bottom: 0px !important;}&#8221;][vc_column_text css=&#8221;.vc_custom_1768837125813{margin-bottom: 0px !important;}&#8221;]<\/p>\n<p class=\"lead\">Electronic Invoicing, Certified Platforms, and Workflows;<\/p>\n<ul>\n<li aria-level=\"1\">Define the target processes,<\/li>\n<li aria-level=\"1\">Select the software solutions, certified dematerialization operators (OD) and approved platforms (PA) whose functionalities are suited to your organization and compliant with regulatory requirements,<\/li>\n<li aria-level=\"1\">Deploy the selected solutions.<\/li>\n<\/ul>\n<p><a class=\"btn btn-outline-primary\" href=\"https:\/\/www.houdart-ac.fr\/en\/digital\/electronic-invoicing-certified-platforms-and-workflows\/\">LEARN MORE<\/a>[\/vc_column_text][\/vc_column][\/vc_row][vc_row full_width=&#8221;stretch_row&#8221; content_placement=&#8221;middle&#8221; css=&#8221;.vc_custom_1767183957890{padding-top: 40px !important;padding-bottom: 40px !important;background-color: #f9f9f9 !important;}&#8221;][vc_column css_animation=&#8221;fadeInLeft&#8221; width=&#8221;1\/2&#8243; el_class=&#8221;myunisoft-options light&#8221; css=&#8221;.vc_custom_1767895382672{margin-top: 0px !important;margin-bottom: 0px !important;padding-top: 0px !important;padding-bottom: 0px !important;}&#8221;][vc_column_text css=&#8221;.vc_custom_1768837013645{margin-bottom: 0px !important;}&#8221;]<\/p>\n<p class=\"lead\"><span style=\"color: #00a8a8;\"><strong>MyUnisoft Financial Management<\/strong><\/span>, a comprehensive commercial management and pre-accounting module;<\/p>\n<ul>\n<li aria-level=\"1\">Centraliser la r\u00e9ception de vos factures fournisseurs sur une Plateforme Agr\u00e9\u00e9e (PA),<\/li>\n<li aria-level=\"1\">Payer vos factures fournisseurs et notes de frais en un clic gr\u00e2ce au compte pro int\u00e9gr\u00e9,<\/li>\n<li aria-level=\"1\">Facturer vos clients et g\u00e9rer le recouvrement via un outil conforme.<\/li>\n<\/ul>\n<p><a class=\"btn btn-outline-primary\" href=\"https:\/\/www.houdart-ac.fr\/en\/digital\/myunisoft-financial-management\/\">LEARN MORE<\/a>[\/vc_column_text][\/vc_column][vc_column css_animation=&#8221;fadeInRight&#8221; width=&#8221;1\/2&#8243; el_class=&#8221;myunisoft-options light&#8221; css=&#8221;.vc_custom_1767305440441{margin-top: 0px !important;margin-bottom: 0px !important;padding-top: 0px !important;padding-bottom: 0px !important;}&#8221;][vc_single_image source=&#8221;external_link&#8221; alignment=&#8221;center&#8221; onclick=&#8221;custom_link&#8221; css=&#8221;.vc_custom_1768837078161{margin-top: 0px !important;margin-bottom: 0px !important;padding-top: 0px !important;padding-bottom: 0px !important;}&#8221; custom_src=&#8221;https:\/\/www.houdart-ac.fr\/wp-content\/uploads\/i4-1.png&#8221; link=&#8221;https:\/\/www.houdart-ac.fr\/en\/digital\/myunisoft-financial-management\/&#8221;][\/vc_column][\/vc_row][vc_row full_width=&#8221;stretch_row&#8221; content_placement=&#8221;middle&#8221; css=&#8221;.vc_custom_1767895672282{padding-top: 40px !important;padding-bottom: 80px !important;background-color: #f9f9f9 !important;}&#8221;][vc_column css_animation=&#8221;fadeInLeft&#8221; width=&#8221;1\/2&#8243; el_class=&#8221;myunisoft-options light&#8221; css=&#8221;.vc_custom_1767305460336{margin-top: 0px !important;margin-bottom: 0px !important;padding-top: 0px !important;padding-bottom: 0px !important;}&#8221;][vc_single_image source=&#8221;external_link&#8221; alignment=&#8221;center&#8221; onclick=&#8221;custom_link&#8221; css=&#8221;.vc_custom_1768837069669{margin-top: 0px !important;margin-bottom: 0px !important;padding-top: 0px !important;padding-bottom: 0px !important;}&#8221; custom_src=&#8221;https:\/\/www.houdart-ac.fr\/wp-content\/uploads\/i5-1.png&#8221; link=&#8221;https:\/\/www.houdart-ac.fr\/en\/digital\/myunisoft-financial-steering\/&#8221;][\/vc_column][vc_column css_animation=&#8221;fadeInRight&#8221; width=&#8221;1\/2&#8243; el_class=&#8221;myunisoft-options light&#8221; css=&#8221;.vc_custom_1767895374570{margin-top: 0px !important;margin-bottom: 0px !important;padding-top: 0px !important;padding-bottom: 0px !important;}&#8221;][vc_column_text css=&#8221;.vc_custom_1768837058979{margin-bottom: 0px !important;}&#8221;]<\/p>\n<p class=\"lead\"><span style=\"color: #00a8a8;\"><strong>MyUnisoft Financial Steering<\/strong><\/span>, an AI-powered predictive accounting solution;<\/p>\n<ul>\n<li aria-level=\"1\">Connected to MyUnisoft for real-time data updates,<\/li>\n<li aria-level=\"1\">Intelligent, enabling the identification of correlations and the projection of the evolution of accounting items and cash flows,<\/li>\n<li aria-level=\"1\">Easily adjustable in the event of changes to business development, investment, or recruitment assumptions, etc.<\/li>\n<\/ul>\n<p><a class=\"btn btn-outline-primary\" href=\"https:\/\/www.houdart-ac.fr\/en\/digital\/myunisoft-financial-steering\/\">LEARN MORE<\/a>[\/vc_column_text][\/vc_column][\/vc_row]<\/p>\n<\/div>","protected":false},"excerpt":{"rendered":"<p>[vc_row full_width=&#8221;stretch_row&#8221; css=&#8221;.vc_custom_1767920528807{margin-top: 0px !important;margin-right: 0px !important;margin-bottom: 0px !important;margin-left: 0px !important;padding-top: 40px !important;padding-bottom: 0px !important;background-color: #ffffff !important;background-position: center !important;background-repeat: no-repeat !important;background-size: cover !important;}&#8221; el_id=&#8221;particles-js&#8221; el_class=&#8221;myunisoft-intro&#8221;][vc_column css=&#8221;.vc_custom_1641852185899{margin-top: 0px !important;margin-right: 0px !important;margin-bottom: 0px !important;margin-left: 0px !important;padding-top: 0px&#8230; <a class=\"read-more\" href=\"https:\/\/www.houdart-ac.fr\/en\/digital\/\">Read more<\/a><\/p>\n","protected":false},"author":3,"featured_media":25146,"parent":0,"menu_order":0,"comment_status":"closed","ping_status":"closed","template":"","meta":{"_acf_changed":false,"_seopress_robots_primary_cat":"","_seopress_titles_title":"","_seopress_titles_desc":"","_seopress_robots_index":"","footnotes":""},"class_list":["post-34521","page","type-page","status-publish","has-post-thumbnail","hentry"],"acf":[],"_links":{"self":[{"href":"https:\/\/www.houdart-ac.fr\/en\/wp-json\/wp\/v2\/pages\/34521","targetHints":{"allow":["GET"]}}],"collection":[{"href":"https:\/\/www.houdart-ac.fr\/en\/wp-json\/wp\/v2\/pages"}],"about":[{"href":"https:\/\/www.houdart-ac.fr\/en\/wp-json\/wp\/v2\/types\/page"}],"author":[{"embeddable":true,"href":"https:\/\/www.houdart-ac.fr\/en\/wp-json\/wp\/v2\/users\/3"}],"replies":[{"embeddable":true,"href":"https:\/\/www.houdart-ac.fr\/en\/wp-json\/wp\/v2\/comments?post=34521"}],"version-history":[{"count":0,"href":"https:\/\/www.houdart-ac.fr\/en\/wp-json\/wp\/v2\/pages\/34521\/revisions"}],"wp:featuredmedia":[{"embeddable":true,"href":"https:\/\/www.houdart-ac.fr\/en\/wp-json\/wp\/v2\/media\/25146"}],"wp:attachment":[{"href":"https:\/\/www.houdart-ac.fr\/en\/wp-json\/wp\/v2\/media?parent=34521"}],"curies":[{"name":"wp","href":"https:\/\/api.w.org\/{rel}","templated":true}]}}