{"id":25006,"date":"2020-09-09T13:31:05","date_gmt":"2020-09-09T12:31:05","guid":{"rendered":"https:\/\/www.houdart-ac.fr\/mentions-legales\/"},"modified":"2025-07-25T04:59:10","modified_gmt":"2025-07-25T03:59:10","slug":"legal-notice","status":"publish","type":"page","link":"https:\/\/www.houdart-ac.fr\/en\/legal-notice\/","title":{"rendered":"Legal Notice"},"content":{"rendered":"<div class=\"wpb-content-wrapper\"><p>[vc_row css=&#8221;.vc_custom_1543179585706{padding-top: 40px !important;padding-bottom: 40px !important;}&#8221;][vc_column][vc_column_text]Houdart Audit &amp; Conseil est une soci\u00e9t\u00e9 d\u2019expertise comptable inscrite au tableau de l\u2019Ordre de Paris \u2013 Ile de France ainsi qu\u2019une soci\u00e9t\u00e9 de commissariat aux comptes membre de la Compagnie R\u00e9gionale de Paris. SARL au capital de 60 800 euros, son si\u00e8ge social est situ\u00e9 au 11 bis place de la Nation. Elle est immatricul\u00e9e au registre du Commerce et des Soci\u00e9t\u00e9s de Paris sous le num\u00e9ro 380 610 345.<\/p>\n<p>Houdart Audit &amp; Conseil est une filiale de la soci\u00e9t\u00e9 2Rouvray Audit &amp; Conseil, SARL au capital de 330\u00a0000 euros, dont le si\u00e8ge social est situ\u00e9 26 avenue de la Belle Gabrielle \u2013 94130 Nogent sur Marne, immatricul\u00e9e au registre du commerce et des soci\u00e9t\u00e9s de Cr\u00e9teil sous le num\u00e9ro 794 100 339. Cette derni\u00e8re est une soci\u00e9t\u00e9 d\u2019expertise comptable et de commissariat aux comptes \u00e9galement inscrite aupr\u00e8s de l\u2019Ordre des experts comptables et de la Compagnie R\u00e9gionale des Commissaires aux Comptes de la r\u00e9gion Paris \u2013 Ile de France.[\/vc_column_text][\/vc_column][\/vc_row]<\/p>\n<\/div>","protected":false},"excerpt":{"rendered":"<p>[vc_row css=&#8221;.vc_custom_1543179585706{padding-top: 40px !important;padding-bottom: 40px !important;}&#8221;][vc_column][vc_column_text]Houdart Audit &amp; Conseil est une soci\u00e9t\u00e9 d\u2019expertise comptable inscrite au tableau de l\u2019Ordre de Paris \u2013 Ile de France ainsi qu\u2019une soci\u00e9t\u00e9 de commissariat aux comptes membre de la&#8230; <a class=\"read-more\" href=\"https:\/\/www.houdart-ac.fr\/en\/legal-notice\/\">Read more<\/a><\/p>\n","protected":false},"author":3,"featured_media":24916,"parent":0,"menu_order":0,"comment_status":"closed","ping_status":"closed","template":"","meta":{"_acf_changed":false,"_seopress_robots_primary_cat":"","_seopress_titles_title":"Legal Notice - Chartered Accountant - Houdart A&C","_seopress_titles_desc":"Houdart A&C is a chartered accountancy and statutory audit firm registered in Paris, and a subsidiary of 2Rouvray Audit & Conseil, also accredited.","_seopress_robots_index":"","footnotes":""},"class_list":["post-25006","page","type-page","status-publish","has-post-thumbnail","hentry"],"acf":[],"_links":{"self":[{"href":"https:\/\/www.houdart-ac.fr\/en\/wp-json\/wp\/v2\/pages\/25006","targetHints":{"allow":["GET"]}}],"collection":[{"href":"https:\/\/www.houdart-ac.fr\/en\/wp-json\/wp\/v2\/pages"}],"about":[{"href":"https:\/\/www.houdart-ac.fr\/en\/wp-json\/wp\/v2\/types\/page"}],"author":[{"embeddable":true,"href":"https:\/\/www.houdart-ac.fr\/en\/wp-json\/wp\/v2\/users\/3"}],"replies":[{"embeddable":true,"href":"https:\/\/www.houdart-ac.fr\/en\/wp-json\/wp\/v2\/comments?post=25006"}],"version-history":[{"count":0,"href":"https:\/\/www.houdart-ac.fr\/en\/wp-json\/wp\/v2\/pages\/25006\/revisions"}],"wp:featuredmedia":[{"embeddable":true,"href":"https:\/\/www.houdart-ac.fr\/en\/wp-json\/wp\/v2\/media\/24916"}],"wp:attachment":[{"href":"https:\/\/www.houdart-ac.fr\/en\/wp-json\/wp\/v2\/media?parent=25006"}],"curies":[{"name":"wp","href":"https:\/\/api.w.org\/{rel}","templated":true}]}}