{"id":24996,"date":"2020-09-09T13:19:15","date_gmt":"2020-09-09T12:19:15","guid":{"rendered":"https:\/\/www.houdart-ac.fr\/our-services\/conseils-patrimoniaux\/"},"modified":"2025-07-25T05:01:13","modified_gmt":"2025-07-25T04:01:13","slug":"asset-management","status":"publish","type":"page","link":"https:\/\/www.houdart-ac.fr\/en\/our-services\/asset-management\/","title":{"rendered":"Asset management"},"content":{"rendered":"<div class=\"wpb-content-wrapper\"><p>[vc_row css=&#8221;.vc_custom_1543242238823{padding-top: 40px !important;padding-bottom: 40px !important;}&#8221;][vc_column][vc_column_text]<\/p>\n<p class=\"lead\">Some of Houdart A&amp;C\u2019s clients are family-owned companies. We support the directors of these companies so they can make the best possible business decisions as regards their asset management and their family.<\/p>\n<p>All company directors are primarily concerned with their company\u2019s financials and growth, whether they are in the initial start-up phase, experiencing growth or on the verge of a transfer or sale. The director\u2019s decisions and circumstances will directly or indirectly impact the company\u2019s asset portfolio and their family.<\/p>\n<p>Houdart A&amp;C can put its many strengths to work to support directors in their asset management:<\/p>\n<ul>\n<li>in-depth company knowledge,<\/li>\n<li>acute understanding of the director\u2019s personal challenges,<\/li>\n<li>a close relationship with the partners founded upon trust,<\/li>\n<li>multidisciplinary expertise,<\/li>\n<li>our independent perspective.<\/li>\n<\/ul>\n<p>At Houdart A&amp;C, we aspire to develop asset management strategies focused on helping directors prepare decision-making, structuring solutions tailored to their circumstances and finance and time pressures, and which are effective in terms of taxation and asset management. From this standpoint, the scope of our work is extensive with a focus on the following tasks.<\/p>\n<h2><b>Optimising your French social security scheme and compensation <\/b><\/h2>\n<p>As a sole trader or a majority shareholder of a French private limited company (<i>soci\u00e9t\u00e9 \u00e0 responsabilit\u00e9 limit\u00e9e<\/i>, SARL), you are covered by the social security scheme for self-employed workers (<i>r\u00e9gime social des ind\u00e9pendants<\/i>, RSI). The legal form you choose for your business not only affects its tax-related and legal characteristics, but also determines your social security scheme.<\/p>\n<p>The rules governing the rates you pay in social security contributions on compensation and dividends depend on the social security scheme. Directors need to make a decision regarding their compensation, responsibilities and capital based on their circumstances. As such, they must seek to optimise their compensation in terms of social security contributions and taxation.<\/p>\n<h2><b>Supporting a company\u2019s sale or transfer<\/b><\/h2>\n<p>Selling and transferring a family-owned companies can be a complex affair. It involves an array of technicalities ranging from accounting, finance, taxation, law, social aspects and HR as well as taking into consideration the motivation and well-being of the company\u2019s workforce.<\/p>\n<p>Thorough advance preparation is pivotal to achieving optimal conditions across the board in any sale or transfer.<\/p>\n<p>At Houdart A&amp;C, our focus moves beyond technicalities as we provide an overview of your prospective transaction and your goals. In doing so, we engineer a system for successful and timely transactions.<\/p>\n<h2><b>Leveraging a director\u2019s personal tax situation<\/b><\/h2>\n<p>Houdart A&amp;C completes its clients\u2019 personal tax returns.<\/p>\n<p>We also advise our clients on how to optimise their tax situation in their day-to-day operations. For instance, we assist our clients in deciding on a compensation package and an investment income plan, and whether or not to found a property investment company (<i>soci\u00e9t\u00e9 civile immobili\u00e8re<\/i>, SCI) for their real estate holdings. We also offer consulting on company sale and transfer opportunities, such as ensuring tax efficiency on transferable securities\u2019 and real estate capital gains, establishing holding companies and assessing conditions to implement transfer tax rebate schemes.<\/p>\n<h2><b>Insurance<\/b><\/h2>\n<p>Our asset management services also includes assisstance for company directors in choosing health insurance policies and individual and collective death and disability policies. We help directors with all formalities needed to apply the schemes, so as to avoid any risk of adjustment related to taxation and social security contributions. Houdart A&amp;C also reviews opportunities to set up retirement pension schemes and roll out company savings plans.<\/p>\n<h2><b>Our corporate real estate investment strategy<\/b><\/h2>\n<p>More often than not, real estate investment can be beneficial to company directors, striking the right balance between their company\u2019s interests and their own personal assets. However, simulations need to be conducted for such transactions from a financing and tax standpoint, to decide on the most value-accretive technical strategy for the director. Decisions must be made between debt-financed investment, leasing with an exercise of option, creation of a property investment company (<i>soci\u00e9t\u00e9 civile immobili\u00e8re<\/i>, SCI), tax scheme (income tax [<i>imp\u00f4t sur le revenu<\/i>, IR] or corporate tax [<i>imp\u00f4t sur les soci\u00e9t\u00e9s<\/i>, IS]), temporary beneficial ownership, construction leasehold, etc.<\/p>\n<p>Our teams collaborate seamlessly with company directors from the kick-off phase right through to the support stage with financing institutions to secure funds.[\/vc_column_text][\/vc_column][\/vc_row]<\/p>\n<\/div>","protected":false},"excerpt":{"rendered":"<p>[vc_row css=&#8221;.vc_custom_1543242238823{padding-top: 40px !important;padding-bottom: 40px !important;}&#8221;][vc_column][vc_column_text] Some of Houdart A&amp;C\u2019s clients are family-owned companies. We support the directors of these companies so they can make the best possible business decisions as regards their asset management&#8230; <a class=\"read-more\" href=\"https:\/\/www.houdart-ac.fr\/en\/our-services\/asset-management\/\">Read more<\/a><\/p>\n","protected":false},"author":2,"featured_media":24935,"parent":24983,"menu_order":0,"comment_status":"closed","ping_status":"closed","template":"","meta":{"_acf_changed":false,"_seopress_robots_primary_cat":"","_seopress_titles_title":"Asset Management - Chartered Accountant - Houdart A&C","_seopress_titles_desc":"Houdart A&C advises company directors and family businesses on asset management: tax, real estate, insurance, succession, and wealth structuring.","_seopress_robots_index":"","footnotes":""},"class_list":["post-24996","page","type-page","status-publish","has-post-thumbnail","hentry"],"acf":[],"_links":{"self":[{"href":"https:\/\/www.houdart-ac.fr\/en\/wp-json\/wp\/v2\/pages\/24996","targetHints":{"allow":["GET"]}}],"collection":[{"href":"https:\/\/www.houdart-ac.fr\/en\/wp-json\/wp\/v2\/pages"}],"about":[{"href":"https:\/\/www.houdart-ac.fr\/en\/wp-json\/wp\/v2\/types\/page"}],"author":[{"embeddable":true,"href":"https:\/\/www.houdart-ac.fr\/en\/wp-json\/wp\/v2\/users\/2"}],"replies":[{"embeddable":true,"href":"https:\/\/www.houdart-ac.fr\/en\/wp-json\/wp\/v2\/comments?post=24996"}],"version-history":[{"count":0,"href":"https:\/\/www.houdart-ac.fr\/en\/wp-json\/wp\/v2\/pages\/24996\/revisions"}],"up":[{"embeddable":true,"href":"https:\/\/www.houdart-ac.fr\/en\/wp-json\/wp\/v2\/pages\/24983"}],"wp:featuredmedia":[{"embeddable":true,"href":"https:\/\/www.houdart-ac.fr\/en\/wp-json\/wp\/v2\/media\/24935"}],"wp:attachment":[{"href":"https:\/\/www.houdart-ac.fr\/en\/wp-json\/wp\/v2\/media?parent=24996"}],"curies":[{"name":"wp","href":"https:\/\/api.w.org\/{rel}","templated":true}]}}