{"id":24937,"date":"2020-09-07T16:25:47","date_gmt":"2020-09-07T15:25:47","guid":{"rendered":"https:\/\/www.houdart-ac.fr\/expertise\/"},"modified":"2026-01-13T17:45:25","modified_gmt":"2026-01-13T16:45:25","slug":"expertise","status":"publish","type":"page","link":"https:\/\/www.houdart-ac.fr\/en\/expertise\/","title":{"rendered":"Expertise"},"content":{"rendered":"<div class=\"wpb-content-wrapper\"><p>[vc_row css=&#8221;.vc_custom_1543189798084{padding-top: 40px !important;padding-bottom: 0px !important;}&#8221;][vc_column width=&#8221;1\/3&#8243;][vc_column_text]<\/p>\n<h2>\u00c9laborer un service sur-mesure pour nos clients<\/h2>\n<p>[\/vc_column_text][\/vc_column][vc_column width=&#8221;2\/3&#8243;][vc_column_text]PME de services et industrielles, entreprises individuelles, filiales de groupes \u00e9trangers, professions r\u00e9glement\u00e9es, start-ups, soci\u00e9t\u00e9s de production d\u2019\u00e9nergie et acteurs du monde de l\u2019art\u2026 Houdart A&amp;C d\u00e9nombre aujourd\u2019hui de nombreux clients qui ont des probl\u00e9matiques tr\u00e8s diverses li\u00e9es \u00e0 leur domaine d\u2019activit\u00e9 ou leurs caract\u00e9ristiques propres.<\/p>\n<p>Notre approche nous permet cependant de leur offrir la m\u00eame qualit\u00e9 technique, quels que soient leur taille, leur c\u0153ur de m\u00e9tier et la nature de notre mission.<\/p>\n<p>Le c\u0153ur de notre activit\u00e9 s\u2019adresse aux PME et TPE de tout secteur d\u2019activit\u00e9. L\u2019accompagnement durable de nos clients constitue notre pr\u00e9occupation\u00a0principale, nous leur assurons notre pr\u00e9sence en toute circonstance au titre de la confiance qu\u2019ils nous accordent.<\/p>\n<p>Les comp\u00e9tences techniques <a href=\"http:\/\/www.houdart-ac.fr\/les-associes\/\">des associ\u00e9s<\/a> et des collaborateurs permettent au cabinet d\u2019offrir un panel de\u00a0<a href=\"https:\/\/www.houdart-ac.fr\/services\/expertise-comptable\/\">services vari\u00e9s<\/a>.<\/p>\n<p>Dans l\u2019objectif d\u2019une approche individualis\u00e9e, \u00e0 chaque client est d\u00e9di\u00e9 un collaborateur responsable du suivi de la comptabilit\u00e9 et du social. Cette polyvalence des collaborateurs garantit r\u00e9activit\u00e9 et disponibilit\u00e9 pour nos clients.<\/p>\n<p>Leurs comp\u00e9tences et leurs connaissances techniques sont r\u00e9guli\u00e8rement actualis\u00e9es en fonction de l\u2019\u00e9volution de l\u2019environnement \u00e9conomique, fiscal et social de nos clients.<\/p>\n<p>Nous assurons \u00e0 nos clients la disponibilit\u00e9 et l\u2019implication personnelle des associ\u00e9s pour r\u00e9pondre \u00e0 leurs questions techniques et probl\u00e9matiques diverses.[\/vc_column_text][\/vc_column][\/vc_row][vc_row css=&#8221;.vc_custom_1600460053155{padding-top: 0px !important;padding-bottom: 0px !important;}&#8221;][vc_column][vc_column_text el_class=&#8221;h2-reset&#8221;]<\/p>\n<h2 style=\"text-align: center;\">Un ensemble de valeurs &amp; Une approche structur\u00e9e<\/h2>\n<div id=\"hzImg\" style=\"border: 1px solid #ffffff; line-height: 0; overflow: hidden; padding: 2px; margin: 0px; position: absolute; z-index: 2147483647; border-radius: 3px; box-shadow: rgba(0, 0, 0, 0.33) 3px 3px 9px 5px; opacity: 1; top: 0px; left: 0px; background-color: #ffffff; cursor: pointer; pointer-events: none; display: none;\"><\/div>\n<p><img id=\"hzDownscaled\" style=\"position: absolute; top: -10000px;\" \/><\/p>\n<p><img id=\"hzDownscaled\" style=\"position: absolute; top: -10000px;\" \/>[\/vc_column_text][\/vc_column][\/vc_row][vc_row css=&#8221;.vc_custom_1600460053155{padding-top: 0px !important;padding-bottom: 0px !important;}&#8221;][vc_column width=&#8221;1\/2&#8243;][vc_column_text el_class=&#8221;point-valeurs contours&#8221;]<\/p>\n<ul>\n<li>Approche personnalis\u00e9e propre au client et \u00e0 son <a href=\"https:\/\/www.houdart-ac.fr\/secteurs-activites\/\">secteur d&#8217;activit\u00e9s<\/a><\/li>\n<li>D\u00e9marche structur\u00e9e, rigoureuse et respectueuse des normes professionelles<\/li>\n<li>Implication personnelle et comp\u00e9tences techniques des associ\u00e9s<\/li>\n<li>Actualisation des connaissances r\u00e9guli\u00e8res et anticipation des \u00e9volutions r\u00e8glementaires<\/li>\n<li>Polyvalence et responsabilisation des collaborateurs et des chefs de mission<\/li>\n<li>Capacit\u00e9 \u00e0 mobiliser un r\u00e9seau de partenaires fiables (avocats, banques, notaires, etc.)<\/li>\n<\/ul>\n<p>[\/vc_column_text][\/vc_column][vc_column width=&#8221;1\/2&#8243;][vc_raw_html el_class=&#8221;point-valeurs contours&#8221;]JTNDJTNGeG1sJTIwdmVyc2lvbiUzRCUyMjEuMCUyMiUyMGVuY29kaW5nJTNEJTIydXRmLTglMjIlM0YlM0UlMEElM0MlMjEtLSUyMEdlbmVyYXRvciUzQSUyMEFkb2JlJTIwSWxsdXN0cmF0b3IlMjAyNi4wLjIlMkMlMjBTVkclMjBFeHBvcnQlMjBQbHVnLUluJTIwLiUyMFNWRyUyMFZlcnNpb24lM0ElMjA2LjAwJTIwQnVpbGQlMjAwJTI5JTIwJTIwLS0lM0UlMEElM0NzdmclMjB2ZXJzaW9uJTNEJTIyMS4xJTIyJTIweG1sbnMlM0QlMjJodHRwJTNBJTJGJTJGd3d3LnczLm9yZyUyRjIwMDAlMkZzdmclMjIlMjB4bWxucyUzQXhsaW5rJTNEJTIyaHR0cCUzQSUyRiUyRnd3dy53My5vcmclMkYxOTk5JTJGeGxpbmslMjIlMjB4JTNEJTIyMHB4JTIyJTIweSUzRCUyMjBweCUyMiUwQSUwOSUyMHZpZXdCb3glM0QlMjIwJTIwMCUyMDQ3MCUyMDI4MCUyMiUyMHN0eWxlJTNEJTIyZW5hYmxlLWJhY2tncm91bmQlM0FuZXclMjAwJTIwMCUyMDQ3MCUyMDI4MCUzQiUyMiUyMHhtbCUzQXNwYWNlJTNEJTIycHJlc2VydmUlMjIlM0UlMEElM0NzdHlsZSUyMHR5cGUlM0QlMjJ0ZXh0JTJGY3NzJTIyJTNFJTBBJTA5LnN0MCU3QmZpbGwlM0ElMjNFNUVBRUUlM0IlN0QlMEElMDkuc3QxJTdCZm9udC1mYW1pbHklM0ElMjdMYXRvLVJlZ3VsYXIlMjclM0IlN0QlMEElMDkuc3QyJTdCZm9udC1zaXplJTNBMTRweCUzQiU3RCUwQSUzQyUyRnN0eWxlJTNFJTBBJTNDZyUyMGlkJTNEJTIyYnVsbGUlMjIlM0UlMEElMDklM0NwYXRoJTIwY2xhc3MlM0QlMjJzdDAlMjIlMjBkJTNEJTIyTTEyNSUyQzcwSDQ1Yy0xNi42JTJDMC0zMC0xMy40LTMwLTMwdjBjMC0xNi42JTJDMTMuNC0zMCUyQzMwLTMwaDgwYzE2LjYlMkMwJTJDMzAlMkMxMy40JTJDMzAlMkMzMHYwQzE1NSUyQzU2LjYlMkMxNDEuNiUyQzcwJTJDMTI1JTJDNzAlMEElMDklMDl6JTIyJTJGJTNFJTBBJTA5JTNDcGF0aCUyMGNsYXNzJTNEJTIyc3QwJTIyJTIwZCUzRCUyMk00MjUlMkM3MGgtODBjLTE2LjYlMkMwLTMwLTEzLjQtMzAtMzB2MGMwLTE2LjYlMkMxMy40LTMwJTJDMzAtMzBoODBjMTYuNiUyQzAlMkMzMCUyQzEzLjQlMkMzMCUyQzMwdjAlMEElMDklMDlDNDU1JTJDNTYuNiUyQzQ0MS42JTJDNzAlMkM0MjUlMkM3MHolMjIlMkYlM0UlMEElMDklM0NwYXRoJTIwY2xhc3MlM0QlMjJzdDAlMjIlMjBkJTNEJTIyTTI3NSUyQzEzMGgtODBjLTE2LjYlMkMwLTMwLTEzLjQtMzAtMzB2MGMwLTE2LjYlMkMxMy40LTMwJTJDMzAtMzBoODBjMTYuNiUyQzAlMkMzMCUyQzEzLjQlMkMzMCUyQzMwdjAlMEElMDklMDlDMzA1JTJDMTE2LjYlMkMyOTEuNiUyQzEzMCUyQzI3NSUyQzEzMHolMjIlMkYlM0UlMEElMDklM0NwYXRoJTIwY2xhc3MlM0QlMjJzdDAlMjIlMjBkJTNEJTIyTTQyNSUyQzIwMGgtODBjLTE2LjYlMkMwLTMwLTEzLjQtMzAtMzB2MGMwLTE2LjYlMkMxMy40LTMwJTJDMzAtMzBoODBjMTYuNiUyQzAlMkMzMCUyQzEzLjQlMkMzMCUyQzMwdjAlMEElMDklMDlDNDU1JTJDMTg2LjYlMkM0NDEuNiUyQzIwMCUyQzQyNSUyQzIwMHolMjIlMkYlM0UlMEElMDklM0NwYXRoJTIwY2xhc3MlM0QlMjJzdDAlMjIlMjBkJTNEJTIyTTEyNSUyQzIwMEg0NWMtMTYuNiUyQzAtMzAtMTMuNC0zMC0zMHYwYzAtMTYuNiUyQzEzLjQtMzAlMkMzMC0zMGg4MGMxNi42JTJDMCUyQzMwJTJDMTMuNCUyQzMwJTJDMzB2MCUwQSUwOSUwOUMxNTUlMkMxODYuNiUyQzE0MS42JTJDMjAwJTJDMTI1JTJDMjAweiUyMiUyRiUzRSUwQSUwOSUzQ3BhdGglMjBjbGFzcyUzRCUyMnN0MCUyMiUyMGQlM0QlMjJNMjc1JTJDMjcwaC04MGMtMTYuNiUyQzAtMzAtMTMuNC0zMC0zMHYwYzAtMTYuNiUyQzEzLjQtMzAlMkMzMC0zMGg4MGMxNi42JTJDMCUyQzMwJTJDMTMuNCUyQzMwJTJDMzB2MCUwQSUwOSUwOUMzMDUlMkMyNTYuNiUyQzI5MS42JTJDMjcwJTJDMjc1JTJDMjcweiUyMiUyRiUzRSUwQSUzQyUyRmclM0UlMEElM0NnJTIwaWQlM0QlMjJ0ZXh0ZSUyMiUzRSUwQSUwOSUzQ3RleHQlMjBzdHlsZSUzRCUyMmZvbnQtZmFtaWx5JTNBJTIwJTI3TGF0by1SZWd1bGFyJTI3JTNCJTBBJTIyJTIwdHJhbnNmb3JtJTNEJTIybWF0cml4JTI4MSUyMDAlMjAwJTIwMSUyMDU4LjIxNDklMjAzNS4wMDA1JTI5JTIyJTNFJTNDdHNwYW4lMjB4JTNEJTIyMCUyMiUyMHklM0QlMjIwJTIyJTIwY2xhc3MlM0QlMjJzdDElMjBzdDIlMjIlM0VDYXBhY2l0JUMzJUE5JTNDJTJGdHNwYW4lM0UlM0N0c3BhbiUyMHglM0QlMjIwLjMlMjIlMjB5JTNEJTIyMTYuOCUyMiUyMGNsYXNzJTNEJTIyc3QxJTIwc3QyJTIyJTNFZCVFMiU4MCU5OSVDMyVBOWNvdXRlJTNDJTJGdHNwYW4lM0UlM0MlMkZ0ZXh0JTNFJTBBJTA5JTNDdGV4dCUyMHN0eWxlJTNEJTIyZm9udC1mYW1pbHklM0ElMjAlMjdMYXRvLVJlZ3VsYXIlMjclM0IlMEElMjIlMjB0cmFuc2Zvcm0lM0QlMjJtYXRyaXglMjgxJTIwMCUyMDAlMjAxJTIwMzQ2LjM1MDElMjAzNS4wMDAyJTI5JTIyJTNFJTNDdHNwYW4lMjB4JTNEJTIyMCUyMiUyMHklM0QlMjIwJTIyJTIwY2xhc3MlM0QlMjJzdDElMjBzdDIlMjIlM0VEaXNwb25pYmlsaXQlQzMlQTklM0MlMkZ0c3BhbiUzRSUzQ3RzcGFuJTIweCUzRCUyMjEuOCUyMiUyMHklM0QlMjIxNi44JTIyJTIwY2xhc3MlM0QlMjJzdDElMjBzdDIlMjIlM0VldCUyMHIlQzMlQTlhY3Rpdml0JUMzJUE5JTNDJTJGdHNwYW4lM0UlM0MlMkZ0ZXh0JTNFJTBBJTA5JTNDdGV4dCUyMHN0eWxlJTNEJTIyZm9udC1mYW1pbHklM0ElMjAlMjdMYXRvLVJlZ3VsYXIlMjclM0IlMEElMjIlMjB0cmFuc2Zvcm0lM0QlMjJtYXRyaXglMjgxJTIwMCUyMDAlMjAxJTIwMjA5LjYwMTElMjA5NS4wMDAyJTI5JTIyJTNFJTNDdHNwYW4lMjB4JTNEJTIyMCUyMiUyMHklM0QlMjIwJTIyJTIwY2xhc3MlM0QlMjJzdDElMjBzdDIlMjIlM0VSZWxhdGlvbiUzQyUyRnRzcGFuJTNFJTNDdHNwYW4lMjB4JTNEJTIyLTEzLjclMjIlMjB5JTNEJTIyMTYuOCUyMiUyMGNsYXNzJTNEJTIyc3QxJTIwc3QyJTIyJTNFZGUlMjBjb25maWFuY2UlM0MlMkZ0c3BhbiUzRSUzQyUyRnRleHQlM0UlMEElMDklM0N0ZXh0JTIwc3R5bGUlM0QlMjJmb250LWZhbWlseSUzQSUyMCUyN0xhdG8tUmVndWxhciUyNyUzQiUwQSUyMiUyMHRyYW5zZm9ybSUzRCUyMm1hdHJpeCUyODElMjAwJTIwMCUyMDElMjAzNjcuMjY2MSUyMDE2NS4wMDA1JTI5JTIyJTNFJTNDdHNwYW4lMjB4JTNEJTIyMCUyMiUyMHklM0QlMjIwJTIyJTIwY2xhc3MlM0QlMjJzdDElMjBzdDIlMjIlM0VFc3ByaXQlM0MlMkZ0c3BhbiUzRSUzQ3RzcGFuJTIweCUzRCUyMi04LjUlMjIlMjB5JTNEJTIyMTYuOCUyMiUyMGNsYXNzJTNEJTIyc3QxJTIwc3QyJTIyJTNFZCVFMiU4MCU5OSVDMyVBOXF1aXBlJTNDJTJGdHNwYW4lM0UlM0MlMkZ0ZXh0JTNFJTBBJTA5JTNDdGV4dCUyMHN0eWxlJTNEJTIyZm9udC1mYW1pbHklM0ElMjAlMjdMYXRvLVJlZ3VsYXIlMjclM0IlMEElMjIlMjB0cmFuc2Zvcm0lM0QlMjJtYXRyaXglMjgxJTIwMCUyMDAlMjAxJTIwMjkuMzM2OCUyMDE2NS4wMDAzJTI5JTIyJTNFJTNDdHNwYW4lMjB4JTNEJTIyMCUyMiUyMHklM0QlMjIwJTIyJTIwY2xhc3MlM0QlMjJzdDElMjBzdDIlMjIlM0VBY2NvbXBhZ25lbWVudCUzQyUyRnRzcGFuJTNFJTNDdHNwYW4lMjB4JTNEJTIyMzIuNSUyMiUyMHklM0QlMjIxNi44JTIyJTIwY2xhc3MlM0QlMjJzdDElMjBzdDIlMjIlM0VkdXJhYmxlJTNDJTJGdHNwYW4lM0UlM0MlMkZ0ZXh0JTNFJTBBJTA5JTNDdGV4dCUyMHN0eWxlJTNEJTIyZm9udC1mYW1pbHklM0ElMjAlMjdMYXRvLVJlZ3VsYXIlMjclM0IlMEElMjIlMjB0cmFuc2Zvcm0lM0QlMjJtYXRyaXglMjgxJTIwMCUyMDAlMjAxJTIwMTkzLjAyMTUlMjAyMzUuMDAwNCUyOSUyMiUzRSUzQ3RzcGFuJTIweCUzRCUyMjAlMjIlMjB5JTNEJTIyMCUyMiUyMGNsYXNzJTNEJTIyc3QxJTIwc3QyJTIyJTNFSW1wbGljYXRpb24lMjBldCUzQyUyRnRzcGFuJTNFJTNDdHNwYW4lMjB4JTNEJTIyMjAuMSUyMiUyMHklM0QlMjIxNi44JTIyJTIwY2xhc3MlM0QlMjJzdDElMjBzdDIlMjIlM0VyaWd1ZXVyJTNDJTJGdHNwYW4lM0UlM0MlMkZ0ZXh0JTNFJTBBJTNDJTJGZyUzRSUwQSUzQyUyRnN2ZyUzRSUwQQ==[\/vc_raw_html][\/vc_column][\/vc_row][vc_row full_width=&#8221;stretch_row&#8221; css=&#8221;.vc_custom_1543191160981{padding-top: 40px !important;padding-bottom: 40px !important;background-color: #f9f9f9 !important;}&#8221;][vc_column width=&#8221;1\/3&#8243;][vc_column_text]<\/p>\n<h2>Nos ressources<\/h2>\n<p>[\/vc_column_text][\/vc_column][vc_column width=&#8221;2\/3&#8243;][vc_column_text]<\/p>\n<h3>Humaines<\/h3>\n<p>Houdart A&amp;C, dans le cadre de son d\u00e9veloppement, recherche r\u00e9guli\u00e8rement des jeunes talents. Au-del\u00e0 du background acad\u00e9mique, nous recrutons des personnes proactives, d\u00e9sireuses de s\u2019engager aupr\u00e8s de nos clients, pr\u00eates \u00e0 \u00eatre responsabilis\u00e9es rapidement et volontaires pour mettre en \u0153uvre ensemble une d\u00e9marche de progression technique continue.<\/p>\n<h3>Syst\u00e8mes informatiques<\/h3>\n<p>La soci\u00e9t\u00e9 dispose de logiciels adapt\u00e9s \u00e0 chacune de nos activit\u00e9s et d\u2019une architecture informatique garante de la s\u00e9curit\u00e9 des donn\u00e9es de nos clients. Prompt \u00e0 assimiler les outils digitaux issus des mutations technologiques qui touchent la profession, nous d\u00e9fendons cependant l\u2019id\u00e9e selon laquelle ces outils ne doivent pas se substituer \u00e0 la relation personnelle entre le dirigeant et son expert-comptable.<\/p>\n<h3>Communication<\/h3>\n<p>Nous diffusons des lettres d\u2019information relatives \u00e0 l\u2019actualit\u00e9 fiscale et sociale ainsi qu\u2019aux \u00e9volutions sp\u00e9cifiques aux secteurs d\u2019activit\u00e9 de nos clients. La relation de proximit\u00e9 tiss\u00e9e avec nos clients nous permet d\u2019anticiper leurs probl\u00e9matiques et de construire des solutions durables.<\/p>\n<h3>Digital<\/h3>\n<p>Nos outils sont techniquement ambitieux, que ce soit en production comptable ou en gestion sociale. Ils sont collaboratifs, vous y acc\u00e9dez et les consultez \u00e0 tout moment depuis n\u2019importe quel device et pouvez demander \u00e0 ce que des droits vous soient accord\u00e9s pour y travailler. Ils sont connect\u00e9s en API aux principales solutions de gestion actuelles. Notre entreprise participe activement au d\u00e9veloppement de nos propres besoins en termes d\u2019accountech et de <a href=\"https:\/\/www.houdart-ac.fr\/digital\/\">digital<\/a><\/p>\n<h3>Documentation<\/h3>\n<p>La soci\u00e9t\u00e9 investit significativement en ce domaine et met \u00e0 la disposition de ses collaborateurs toute la documentation g\u00e9n\u00e9rale et sp\u00e9cialis\u00e9e qui touche les aspects \u00e9conomiques, comptables, sociaux et fiscaux propres \u00e0 l\u2019activit\u00e9 des clients du cabinet.[\/vc_column_text][\/vc_column][\/vc_row]<\/p>\n<\/div>","protected":false},"excerpt":{"rendered":"<p>[vc_row css=&#8221;.vc_custom_1543189798084{padding-top: 40px !important;padding-bottom: 0px !important;}&#8221;][vc_column width=&#8221;1\/3&#8243;][vc_column_text] \u00c9laborer un service sur-mesure pour nos clients [\/vc_column_text][\/vc_column][vc_column width=&#8221;2\/3&#8243;][vc_column_text]PME de services et industrielles, entreprises individuelles, filiales de groupes \u00e9trangers, professions r\u00e9glement\u00e9es, start-ups, soci\u00e9t\u00e9s de production d\u2019\u00e9nergie et acteurs&#8230; <a class=\"read-more\" href=\"https:\/\/www.houdart-ac.fr\/en\/expertise\/\">Read more<\/a><\/p>\n","protected":false},"author":3,"featured_media":24938,"parent":0,"menu_order":0,"comment_status":"closed","ping_status":"closed","template":"","meta":{"_acf_changed":false,"_seopress_robots_primary_cat":"","_seopress_titles_title":"Accounting software - Online accounting - Houdart A&C","_seopress_titles_desc":"Houdart A&C leverages digital platform to deliver automated, real\u2011time collaborative accounting, tax and payroll services focused on financial insight.","_seopress_robots_index":"","footnotes":""},"class_list":["post-24937","page","type-page","status-publish","has-post-thumbnail","hentry"],"acf":[],"_links":{"self":[{"href":"https:\/\/www.houdart-ac.fr\/en\/wp-json\/wp\/v2\/pages\/24937","targetHints":{"allow":["GET"]}}],"collection":[{"href":"https:\/\/www.houdart-ac.fr\/en\/wp-json\/wp\/v2\/pages"}],"about":[{"href":"https:\/\/www.houdart-ac.fr\/en\/wp-json\/wp\/v2\/types\/page"}],"author":[{"embeddable":true,"href":"https:\/\/www.houdart-ac.fr\/en\/wp-json\/wp\/v2\/users\/3"}],"replies":[{"embeddable":true,"href":"https:\/\/www.houdart-ac.fr\/en\/wp-json\/wp\/v2\/comments?post=24937"}],"version-history":[{"count":0,"href":"https:\/\/www.houdart-ac.fr\/en\/wp-json\/wp\/v2\/pages\/24937\/revisions"}],"wp:featuredmedia":[{"embeddable":true,"href":"https:\/\/www.houdart-ac.fr\/en\/wp-json\/wp\/v2\/media\/24938"}],"wp:attachment":[{"href":"https:\/\/www.houdart-ac.fr\/en\/wp-json\/wp\/v2\/media?parent=24937"}],"curies":[{"name":"wp","href":"https:\/\/api.w.org\/{rel}","templated":true}]}}